{"id":2,"date":"2019-07-15T14:15:50","date_gmt":"2019-07-15T14:15:50","guid":{"rendered":"https:\/\/raulbalanza.me\/testWp\/?page_id=2"},"modified":"2025-06-27T11:00:30","modified_gmt":"2025-06-27T09:00:30","slug":"sample-page","status":"publish","type":"page","link":"https:\/\/raulbalanza.me\/es\/","title":{"rendered":"Bienvenido"},"content":{"rendered":"<p>Mi nombre es <strong>Ra\u00fal Balanz\u00e1<\/strong>. Tengo 25 a\u00f1os y soy un apasionado de la tecnolog\u00eda, entusiasta, y desarrollador full-stack de Valencia, Espa\u00f1a.<\/p>\n\n\n\n<p>He estado involucrado en varios proyectos individuales y colaborativos diferentes utilizando diferentes metodolog\u00edas de organizaci\u00f3n, y tambi\u00e9n he contribuido a algunos proyectos de c\u00f3digo abierto.<\/p>\n\n\n\n<p>En 2022, finalic\u00e9 el <strong>grado en Ingenier\u00eda Inform\u00e1tica<\/strong>, un \u00e1rea que ha sido mi vocaci\u00f3n durante mucho tiempo. En 2023, tambi\u00e9n finalic\u00e9 un m\u00e1ster en <strong>Machine Learning<\/strong> en la misma universidad.<\/p>\n\n\n\n<p>Mi conocimiento sobre ingenier\u00eda inform\u00e1tica abarca diferentes \u00e1reas, pero estoy especialmente centrado en <strong>ingenier\u00eda de software<\/strong> y la aplicaci\u00f3n del <strong>machine learning<\/strong> a casos de uso reales.<\/p>\n\n\n\n<p>A lo largo de mi carrera profesional, he trabajado como <strong>desarrollador backend <\/strong>utilizando tecnolog\u00edas como SpringBoot (Java), NestJS (TypeScript) y FastAPI (Python). Tambi\u00e9n tengo algo de experiencia en Angular y React como <strong>desarrollador frontend <\/strong>. Sin embargo, mi experiencia con diferentes lenguajes est\u00e1 en constante evoluci\u00f3n. <\/p>\n\n\n\n<p>Respecto a mis habilidades lingu\u00edsticas, hablo ingl\u00e9s (nivel C1), y espa\u00f1ol y catal\u00e1n nativo.<\/p>\n\n\n\n<p>En mi tiempo libre, me gusta escuchar m\u00fasica, jugar a videojuegos y mantenerme actualizado sobre las \u00faltimas novedades relacionadas con la tecnolog\u00eda. En general, consumo bastante contenido online.<\/p>\n\n\n\n<p>El prop\u00f3sito de esta web es recopilar el progreso de mis <a href=\"https:\/\/raulbalanza.me\/es\/projects\/\">proyectos<\/a> y trabajo personal, as\u00ed como mis <a href=\"https:\/\/raulbalanza.me\/es\/career\/\">logros<\/a> y trayectoria personal.<\/p>","protected":false},"excerpt":{"rendered":"<p>My name is Ra\u00fal Balanz\u00e1. I am 25 years old, and I define myself as a technology passionate, enthusiast, and full-stack developer from Valencia, Spain. I have been involved in many different individual and collaborative projects using different organization methodologies, and I have also contributed to some open-source projects. In 2022, I finished my Bachelor&#8217;s &hellip; <a href=\"https:\/\/raulbalanza.me\/es\/\" class=\"more-link\">Continuar leyendo<span class=\"screen-reader-text\"> &#8220;Welcome&#8221;<\/span><\/a><\/p>","protected":false},"author":1,"featured_media":0,"parent":0,"menu_order":0,"comment_status":"closed","ping_status":"open","template":"","meta":[],"_links":{"self":[{"href":"https:\/\/raulbalanza.me\/es\/wp-json\/wp\/v2\/pages\/2"}],"collection":[{"href":"https:\/\/raulbalanza.me\/es\/wp-json\/wp\/v2\/pages"}],"about":[{"href":"https:\/\/raulbalanza.me\/es\/wp-json\/wp\/v2\/types\/page"}],"author":[{"embeddable":true,"href":"https:\/\/raulbalanza.me\/es\/wp-json\/wp\/v2\/users\/1"}],"replies":[{"embeddable":true,"href":"https:\/\/raulbalanza.me\/es\/wp-json\/wp\/v2\/comments?post=2"}],"version-history":[{"count":27,"href":"https:\/\/raulbalanza.me\/es\/wp-json\/wp\/v2\/pages\/2\/revisions"}],"predecessor-version":[{"id":636,"href":"https:\/\/raulbalanza.me\/es\/wp-json\/wp\/v2\/pages\/2\/revisions\/636"}],"wp:attachment":[{"href":"https:\/\/raulbalanza.me\/es\/wp-json\/wp\/v2\/media?parent=2"}],"curies":[{"name":"wp","href":"https:\/\/api.w.org\/{rel}","templated":true}]}}