{"id":289,"date":"2020-06-27T20:53:32","date_gmt":"2020-06-27T18:53:32","guid":{"rendered":"https:\/\/raulbalanza.me\/?page_id=289"},"modified":"2022-02-19T00:35:21","modified_gmt":"2022-02-18T23:35:21","slug":"articles","status":"publish","type":"page","link":"https:\/\/raulbalanza.me\/es\/articles\/","title":{"rendered":"Art\u00edculos"},"content":{"rendered":"<h2 class=\"wp-block-heading\">Recognizing handwritten digits efficiently<\/h2>\n\n\n\n<p class=\"has-medium-gray-color has-text-color has-small-font-size\"><strong><strong>Ingl\u00e9s<\/strong><\/strong> \ud83c\uddec\ud83c\udde7<strong> |<\/strong> <a href=\"https:\/\/raulbalanza-me.translate.goog\/2021\/12\/31\/recognizing-handwritten-digits-efficiently\/?_x_tr_sl=en&amp;_x_tr_tl=es&amp;_x_tr_hl=es&amp;_x_tr_pto=wapp\">Traducir<\/a> | <a href=\"https:\/\/raulbalanza.me\/es\/pdf\/handwritten_digits_classification.pdf\/\" target=\"_blank\" rel=\"noreferrer noopener\">Paper<\/a> (PDF)<\/p>\n\n\n\n<p>In September of 2021, I moved to Prague for five months as part of an international exchange program. For the semestral work of one of the courses that I took there, I had the opportunity of doing some research to compare several Artificial Intelligence approaches for the same purpose: recognizing and classifying handwritten digits. The objective of the research was to find a balance between a model with high accuracy and high \u2018efficiency\u2019. <a href=\"https:\/\/raulbalanza.me\/es\/2021\/12\/31\/recognizing-handwritten-digits-efficiently\/\" data-type=\"post\" data-id=\"454\">Continuar leyendo...<\/a><\/p>\n\n\n\n<hr class=\"wp-block-separator\"\/>\n\n\n\n<h2 class=\"wp-block-heading\">A\u00f1o 2020<\/h2>\n\n\n\n<p class=\"has-medium-gray-color has-text-color has-small-font-size\"><strong>Espa\u00f1ol <\/strong>\ud83c\uddea\ud83c\uddf8 | <a href=\"https:\/\/translate.google.com\/translate?hl=&amp;sl=es&amp;tl=en&amp;u=https%3A%2F%2Fraulbalanza.me%2F2020%2F12%2F31%2Fano-2020%2F\">Traducir<\/a> | <a href=\"https:\/\/raulbalanza.me\/es\/pdf\/anyo2020.pdf\/\" target=\"_blank\" rel=\"noreferrer noopener\">PDF<\/a><\/p>\n\n\n\n<p>Ha llegado el final de un a\u00f1o eterno para muchos, y que ha tra\u00eddo malas noticias para todos. Sin embargo, siempre hay experiencias de las que aprender y aspectos positivos que recordar. Es por ello que he decidido escribir esta entrada, alejada de la tem\u00e1tica general de mis publicaciones, en la que intento hacer una revisi\u00f3n general del a\u00f1o a la vez que describo experiencias personales. <a href=\"https:\/\/raulbalanza.me\/es\/2020\/12\/31\/ano-2020\/\">Continuar leyendo...<\/a><\/p>\n\n\n\n<hr class=\"wp-block-separator\"\/>\n\n\n\n<h2 class=\"wp-block-heading\">Hiding a server\u2019s IP by means of a reverse proxy<\/h2>\n\n\n\n<p class=\"has-medium-gray-color has-text-color has-small-font-size\"><strong>Ingl\u00e9s<\/strong> \ud83c\uddec\ud83c\udde7 | <a href=\"https:\/\/translate.google.com\/translate?sl=en&amp;tl=es&amp;u=https%3A%2F%2Fraulbalanza.me%2F2020%2F09%2F03%2Fhiding-a-servers-ip-by-means-of-a-reverse-proxy%2F\">Traducir<\/a><\/p>\n\n\n\n<p>When it comes to hosting public services online, the most common option is to rent a dedicated server, that can become an expensive choice. An alternative option is to host our own server, which involves sharing the public IP of our local network, and the risk of being attacked. In those cases that it is of our interest to hide the IP of a computer that hosts a public service, a reverse proxy can help protecting a private network. <a href=\"https:\/\/raulbalanza.me\/es\/2020\/09\/03\/hiding-a-servers-ip-by-means-of-a-reverse-proxy\/\">Continuar leyendo...<\/a><\/p>\n\n\n\n<hr class=\"wp-block-separator\"\/>\n\n\n\n<h2 class=\"wp-block-heading\">OpenTom, run Linux on your TomTom GPS<\/h2>\n\n\n\n<p class=\"has-medium-gray-color has-text-color has-small-font-size\"><strong>Ingl\u00e9s<\/strong> \ud83c\uddec\ud83c\udde7 | <a href=\"https:\/\/translate.google.com\/translate?sl=en&amp;tl=es&amp;u=https%3A%2F%2Fraulbalanza.me%2F2020%2F06%2F24%2Fopentom-run-linux-on-your-tomtom-gps%2F\">Traducir<\/a><\/p>\n\n\n\n<p>Lately, the use of dedicated GPS devices has been relegated to a second place, as almost everyone has a smartphone with a built-in GPS. For TomTom devices, a Linux distribution known as <em>OpenTom<\/em> was created by a group of German developers to expand their functionality. <a href=\"https:\/\/raulbalanza.me\/es\/2020\/06\/24\/opentom-run-linux-on-your-tomtom-gps\/\">Continuar leyendo...<\/a><\/p>\n\n\n\n<hr class=\"wp-block-separator\"\/>\n\n\n\n<h2 class=\"wp-block-heading\">Recorriendo la red de Metro Madrid de forma eficiente<\/h2>\n\n\n\n<p class=\"has-medium-gray-color has-text-color has-small-font-size\"><strong>Espa\u00f1ol <\/strong>\ud83c\uddea\ud83c\uddf8 | <a href=\"https:\/\/translate.google.com\/translate?sl=es&amp;tl=en&amp;u=https%3A%2F%2Fraulbalanza.me%2F2020%2F06%2F14%2Frecorriendo-la-red-de-metro-madrid-de-forma-eficiente%2F\">Traducir<\/a> | <a href=\"https:\/\/raulbalanza.me\/es\/pdf\/metromadrid.pdf\/\" target=\"_blank\" rel=\"noreferrer noopener\">PDF<\/a><\/p>\n\n\n\n<p>A veces resulta interesante poner a prueba diferentes conceptos te\u00f3ricos y algoritmos utilizados en diferentes ramas de las matem\u00e1ticas, y comprobar su grado de correspondencia y precisi\u00f3n respecto a la realidad. En este caso se analiz\u00f3 un algoritmo de la teor\u00eda de grafos para obtener un camino que permite recorrer la red de Metro Madrid en el menor tiempo posible. <a href=\"https:\/\/raulbalanza.me\/es\/2020\/06\/14\/recorriendo-la-red-de-metro-madrid-de-forma-eficiente\/\">Continuar leyendo...<\/a><\/p>","protected":false},"excerpt":{"rendered":"<p>Recognizing handwritten digits efficiently English \ud83c\uddec\ud83c\udde7 | Translate | Paper (PDF) In September of 2021, I moved to Prague for five months as part of an international exchange program. For the semestral work of one of the courses that I took there, I had the opportunity of doing some research to compare several Artificial Intelligence &hellip; <a href=\"https:\/\/raulbalanza.me\/es\/articles\/\" class=\"more-link\">Continuar leyendo<span class=\"screen-reader-text\"> &#8220;Articles&#8221;<\/span><\/a><\/p>","protected":false},"author":1,"featured_media":0,"parent":0,"menu_order":0,"comment_status":"closed","ping_status":"closed","template":"","meta":[],"_links":{"self":[{"href":"https:\/\/raulbalanza.me\/es\/wp-json\/wp\/v2\/pages\/289"}],"collection":[{"href":"https:\/\/raulbalanza.me\/es\/wp-json\/wp\/v2\/pages"}],"about":[{"href":"https:\/\/raulbalanza.me\/es\/wp-json\/wp\/v2\/types\/page"}],"author":[{"embeddable":true,"href":"https:\/\/raulbalanza.me\/es\/wp-json\/wp\/v2\/users\/1"}],"replies":[{"embeddable":true,"href":"https:\/\/raulbalanza.me\/es\/wp-json\/wp\/v2\/comments?post=289"}],"version-history":[{"count":36,"href":"https:\/\/raulbalanza.me\/es\/wp-json\/wp\/v2\/pages\/289\/revisions"}],"predecessor-version":[{"id":535,"href":"https:\/\/raulbalanza.me\/es\/wp-json\/wp\/v2\/pages\/289\/revisions\/535"}],"wp:attachment":[{"href":"https:\/\/raulbalanza.me\/es\/wp-json\/wp\/v2\/media?parent=289"}],"curies":[{"name":"wp","href":"https:\/\/api.w.org\/{rel}","templated":true}]}}