{"id":46,"date":"2019-07-15T15:33:32","date_gmt":"2019-07-15T15:33:32","guid":{"rendered":"https:\/\/raulbalanza.me\/testWp\/?page_id=46"},"modified":"2024-06-16T11:10:14","modified_gmt":"2024-06-16T09:10:14","slug":"career","status":"publish","type":"page","link":"https:\/\/raulbalanza.me\/es\/career\/","title":{"rendered":"Trayectoria"},"content":{"rendered":"<p>En esta p\u00e1gina, se detalla mi <strong>trayectoria acad\u00e9mica<\/strong>completa, as\u00ed como toda <strong>empresa<\/strong> o <strong>proyecto<\/strong> en los que he trabajado. Puedes encontrar m\u00e1s detalles sobre ello en mi <a href=\"https:\/\/www.linkedin.com\/in\/raulbalanza\/\">perfil de LinkedIn<\/a>.<\/p>\n\n\n\n<blockquote class=\"wp-block-quote is-style-default\">\n<p>Experiencia<\/p>\n<\/blockquote>\n\n\n\n<span class=\"collapseomatic\" id=\"id69f1e8451fbe6\"  tabindex=\"0\" title=\"(2023-&lt;em&gt;Presente&lt;\/em&gt;) &ndash; &lt;em&gt;Coordinador de desarrollo backend y machine learning&lt;\/em&gt;,&lt;strong&gt; &lt;strong&gt;DialApplet&lt;\/strong&gt;&lt;\/strong&gt;\"    >(2023-<em>Presente<\/em>) \u2013 <em>Coordinador de desarrollo backend y machine learning<\/em>,<strong> <strong>DialApplet<\/strong><\/strong><\/span><div id=\"target-id69f1e8451fbe6\" class=\"collapseomatic_content\"> \u2022 Liderando el \u00e1rea de desarrollo backend y ML<br> \u2022 Investigando casos de uso reales donde pueda aplicarse inteligencia artificial<br> \u2022 Manteniendo la mayor\u00eda de responsabilidades del \u00e1rea de desarrollo backend<\/div><br><\/p>\n\n\n\n<span class=\"collapseomatic\" id=\"id69f1e8451fc1c\"  tabindex=\"0\" title=\"(2022-&lt;em&gt;2023&lt;\/em&gt;) &ndash; &lt;em&gt;Coordinador de desarrollo backend&lt;\/em&gt;, &lt;strong&gt;DialApplet&lt;\/strong&gt;\"    >(2022-<em>2023<\/em>) \u2013 <em>Coordinador de desarrollo backend<\/em>, <strong>DialApplet<\/strong><\/span><div id=\"target-id69f1e8451fc1c\" class=\"collapseomatic_content\"> \u2022 Utilizando metodolog\u00edas \u00e1giles para organizar el trabajo<br> \u2022 Explorando nuevas tecnolog\u00edas que puedan mejorar el software<br> \u2022 Desarrollando componentes cr\u00edticos de la aplicaci\u00f3n<\/div><br><\/p>\n\n\n\n<span class=\"collapseomatic\" id=\"id69f1e8451fc2e\"  tabindex=\"0\" title=\"(2022) &ndash; &lt;em&gt;Desarrollador de software backend&lt;\/em&gt;, &lt;strong&gt;DialApplet&lt;\/strong&gt;\"    >(2022) \u2013 <em>Desarrollador de software backend<\/em>, <strong>DialApplet<\/strong><\/span><div id=\"target-id69f1e8451fc2e\" class=\"collapseomatic_content\"> \u2022 Creando un software para call-centers con \u00faltimas tecnolog\u00edas<br> \u2022 Integraci\u00f3n con llamadas, redes sociales y software externo<br> \u2022 Asegurando alta disponibilidad, escalabilidad y soporte cloud<\/div><br><\/p>\n\n\n\n<span class=\"collapseomatic\" id=\"id69f1e8451fc3d\"  tabindex=\"0\" title=\"(2020-&lt;em&gt;2022&lt;\/em&gt;) &ndash; &lt;em&gt;Desarrollador de software y administrador de sistemas&lt;\/em&gt;, &lt;strong&gt;DialApplet&lt;\/strong&gt;\"    >(2020-<em>2022<\/em>) \u2013 <em>Desarrollador de software y administrador de sistemas<\/em>, <strong>DialApplet<\/strong><\/span><div id=\"target-id69f1e8451fc3d\" class=\"collapseomatic_content\"> \u2022 Integraci\u00f3n de redes sociales en un software de centro de llamadas<br> \u2022 Despliegue de cl\u00fasteres de alta disponibilidad<br> \u2022 Desarrollo de una versi\u00f3n renovada de la aplicaci\u00f3n con \u00faltimas tecnolog\u00edas<\/div><br><\/p>\n\n\n\n<blockquote class=\"wp-block-quote is-style-default\">\n<p>Technologies<\/p>\n<\/blockquote>\n\n\n\n<ul>\n<li><strong>Backend<\/strong>: SpringBoot (Java), NestJS (TypeScript), FastAPI (Python)<\/li>\n\n\n\n<li><strong>Frontend<\/strong>: Angular, ReactJS<\/li>\n\n\n\n<li><strong>Otros<\/strong>: Apache Kafka, Redis, MongoDB, Docker, Gitlab&#8230;<\/li>\n<\/ul>\n\n\n\n<blockquote class=\"wp-block-quote is-style-default\">\n<p>Estudios<\/p>\n<\/blockquote>\n\n\n\n<p>(2022-2023) &#8211; <strong>M\u00e1ster Universitario en Inteligencia Artificial, Reconocimiento de Formas e Imagen Digital<\/strong> (mark: 9.5)<br><em>Universitat Polit\u00e8cnica de Val\u00e8ncia<\/em> (Valencia, Espa\u00f1a \ud83c\uddea\ud83c\uddf8)<\/p>\n\n\n\n<p>(2018-2022) &#8211; <strong>Grado en Ingenier\u00eda Inform\u00e1tica<\/strong> \u2013 (nota: 9,6)<br>\u2022 Obtenidas 25 Matr\u00edculas de Honor<br>\u2022 Matriculado en el grupo de <em>Alto Rendimiento Acad\u00e9mico<\/em> (ARA)<br>\u2022 Especializado en la rama de <em>Computaci\u00f3n <\/em>.<br><em>Universitat Polit\u00e8cnica de Val\u00e8ncia<\/em> (Valencia, Espa\u00f1a \ud83c\uddea\ud83c\uddf8)<br><em>\u010cesk\u00e9 vysok\u00e9 u\u010den\u00ed technick\u00e9 v Praze<\/em> (Praga, Rep\u00fablica Checa \ud83c\udde8\ud83c\uddff) \u2013 <em>estancia de 5 meses<\/em><\/p>\n\n\n\n<p>(2016-2018) &#8211; <strong>High School (<em>Bachillerat<\/em>o de Ciencias y Tecnolog\u00eda<\/strong> &#8211; (mark: 9.8)<strong><br><\/strong><em>Colegio Salesiano San Juan Bosco<\/em> (Valencia, Espa\u00f1a \ud83c\uddea\ud83c\uddf8)<\/p>\n\n\n\n<blockquote class=\"wp-block-quote is-style-default\">\n<p>Cursos<\/p>\n<\/blockquote>\n\n\n\n<p>\u2022 <strong>IBM<\/strong> &#8211; SQL for Data Science (<a rel=\"noreferrer noopener\" href=\"https:\/\/www.edx.org\/course\/sql-for-data-science\" target=\"_blank\">+info<\/a> | <a rel=\"noreferrer noopener\" href=\"https:\/\/courses.edx.org\/certificates\/3e771b25c4a74bf2bb2279d6eeab76c9\" target=\"_blank\">certificado<\/a>)<br>Introducci\u00f3n a la manipulaci\u00f3n de BBDD utilizando SQL y Python.<\/p>\n\n\n\n<p>\u2022 <strong>MITx<\/strong> &#8211; Becoming an Entrepreneur (<a rel=\"noreferrer noopener\" href=\"https:\/\/www.edx.org\/course\/becoming-an-entrepreneur\" target=\"_blank\">+info<\/a> | <a rel=\"noreferrer noopener\" href=\"https:\/\/courses.edx.org\/certificates\/ebf1703273fb480aa0152798960d32ac\" target=\"_blank\">certificado<\/a>)<br>Curso sobre las habilidades de negocio y la mentalidad inicial necesaria para emprender.<\/p>\n\n\n\n<blockquote class=\"wp-block-quote is-style-default\">\n<p>Voluntariado<\/p>\n<\/blockquote>\n\n\n\n<p>(2020-<em>2022<\/em>) \u2013 <em>Cofundador<\/em>, <strong>Competitive Programming UPV<\/strong><br>\u2022 Organizando reuniones<br>\u2022 Resolviendo problemas de competici\u00f3n<br>\u2022 Colaborando en tareas generales de gesti\u00f3n<\/p>\n\n\n\n<p>(2018-2020) \u2013 <em>Colaborador<\/em>, <strong>Grupo de investigaci\u00f3n ICTvsCC<\/strong> (<em>UPV<\/em>)<br> \u2022 Gestionando servidores virtuales mediante un Hipervisor<br> \u2022 Desarrollo web backend y frontend (full-stack)<br> \u2022 An\u00e1lisis y visualizaci\u00f3n de datos<\/p>\n\n\n\n<blockquote class=\"wp-block-quote\">\n<p>Languages<\/p>\n<\/blockquote>\n\n\n\n<ul>\n<li><strong>Espa\u00f1ol<\/strong> (<em>Conocimiento nativo<\/em>)<\/li>\n\n\n\n<li><strong>Ingl\u00e9s<\/strong> (<em>Nivel C1, certificado por <strong>Cambridge Assessment<\/strong>)<\/em><\/li>\n\n\n\n<li><strong>Franc\u00e9s<\/strong> (<em>Nivel A1<\/em>, <em>Basic knowledge<\/em>)<\/li>\n\n\n\n<li><strong>Catalan\/Valencian<\/strong> (<em>Nativo + nivel B2, certificado por <\/em><strong><em>JQCV<\/em><\/strong>)<\/li>\n<\/ul>\n\n\n\n<blockquote class=\"wp-block-quote\">\n<p>Reconocimientos y Premios<\/p>\n<\/blockquote>\n\n\n\n<span class=\"collapseomatic\" id=\"id69f1e8451fc4c\"  tabindex=\"0\" title=\"&lt;strong&gt;3rd year Bachelor&#039;s degree student with the Best Academic Record&lt;\/strong&gt;\"    ><strong>Estudiante de 3er a\u00f1o de grado con el Mejor Expediente Acad\u00e9mico<\/strong><\/span><div id=\"target-id69f1e8451fc4c\" class=\"collapseomatic_content\"><em>Premio otorgado por obtener una de las calificaciones m\u00e1s altas en el tercer curso de mi grado universitario.<\/em><br>(<em>entregado por<\/em> <em><strong>Universitat Polit\u00e8cnica de Val\u00e8ncia<\/strong><\/em>)<\/div><br><\/p>\n\n\n\n<span class=\"collapseomatic\" id=\"id69f1e8451fc59\"  tabindex=\"0\" title=\"&lt;strong&gt;&lt;strong&gt;2nd year Bachelor&#039;s degree student with the Best Academic Record&lt;\/strong&gt;&lt;\/strong&gt;\"    ><strong><strong>Estudiante de 2\u00ba a\u00f1o de grado con el Mejor Expediente Acad\u00e9mico<\/strong><\/strong><\/span><div id=\"target-id69f1e8451fc59\" class=\"collapseomatic_content\"><em>Premio otorgado por obtener una de las calificaciones m\u00e1s altas en el segundo curso de mi grado universitario.<\/em><br>(<em>entregado por<\/em> <em><strong>Universitat Polit\u00e8cnica de Val\u00e8ncia<\/strong><\/em>)<\/div><br><\/p>\n\n\n\n<span class=\"collapseomatic\" id=\"id69f1e8451fc67\"  tabindex=\"0\" title=\"&lt;strong&gt;Premio Extraordinario al Rendimiento Acad&eacute;mico de Bachillerato&lt;\/strong&gt;\"    ><strong>Premio Extraordinario al Rendimiento Acad\u00e9mico de Bachillerato<\/strong><\/span><div id=\"target-id69f1e8451fc67\" class=\"collapseomatic_content\"><em>Premio otorgado por obtener una de las notas m\u00e1s altas en Bachillerato en mi comunidad aut\u00f3noma.<\/em><br>(<em>entregado por<\/em> <em><strong>Generalitat Valenciana<\/strong><\/em>) &#8211; <em><a href=\"http:\/\/www.dogv.gva.es\/datos\/2018\/09\/28\/pdf\/2018_8693.pdf\">Resoluci\u00f3n oficial<\/a><\/em><\/div><br><\/p>\n\n\n\n<span class=\"collapseomatic\" id=\"id69f1e8451fc74\"  tabindex=\"0\" title=\"&lt;strong&gt;Premio Extraordinario al Rendimiento Acad&eacute;mico de E.S.O.&lt;\/strong&gt;\"    ><strong>Premio Extraordinario al Rendimiento Acad\u00e9mico de E.S.O.<\/strong><\/span><div id=\"target-id69f1e8451fc74\" class=\"collapseomatic_content\"><em>Premio otorgado por obtener una de las notas m\u00e1s altas en Educaci\u00f3n Secundaria en mi comunidad aut\u00f3noma.<\/em><br>(<em>entregado por<\/em> <em><strong>Generalitat Valenciana<\/strong><\/em>) &#8211; <em><a href=\"http:\/\/www.dogv.gva.es\/datos\/2016\/10\/11\/pdf\/2016_7846.pdf\">Resoluci\u00f3n oficial<\/a><\/em><\/div>","protected":false},"excerpt":{"rendered":"<p>On this page, my entire academic trajectory, as well as every company or project in which I have worked, is detailed. You can find more details about it in my LinkedIn profile. Experience Technologies Studies (2022-2023) &#8211; Master&#8217;s Degree in Artificial Intelligence, Pattern Recognition and Digital Imaging (mark: 9.5)Universitat Polit\u00e8cnica de Val\u00e8ncia (Valencia, Spain \ud83c\uddea\ud83c\uddf8) &hellip; <a href=\"https:\/\/raulbalanza.me\/es\/career\/\" class=\"more-link\">Continuar leyendo<span class=\"screen-reader-text\"> &#8220;Career&#8221;<\/span><\/a><\/p>","protected":false},"author":1,"featured_media":0,"parent":0,"menu_order":0,"comment_status":"closed","ping_status":"closed","template":"","meta":[],"_links":{"self":[{"href":"https:\/\/raulbalanza.me\/es\/wp-json\/wp\/v2\/pages\/46"}],"collection":[{"href":"https:\/\/raulbalanza.me\/es\/wp-json\/wp\/v2\/pages"}],"about":[{"href":"https:\/\/raulbalanza.me\/es\/wp-json\/wp\/v2\/types\/page"}],"author":[{"embeddable":true,"href":"https:\/\/raulbalanza.me\/es\/wp-json\/wp\/v2\/users\/1"}],"replies":[{"embeddable":true,"href":"https:\/\/raulbalanza.me\/es\/wp-json\/wp\/v2\/comments?post=46"}],"version-history":[{"count":88,"href":"https:\/\/raulbalanza.me\/es\/wp-json\/wp\/v2\/pages\/46\/revisions"}],"predecessor-version":[{"id":634,"href":"https:\/\/raulbalanza.me\/es\/wp-json\/wp\/v2\/pages\/46\/revisions\/634"}],"wp:attachment":[{"href":"https:\/\/raulbalanza.me\/es\/wp-json\/wp\/v2\/media?parent=46"}],"curies":[{"name":"wp","href":"https:\/\/api.w.org\/{rel}","templated":true}]}}