{"id":50,"date":"2019-07-15T15:34:33","date_gmt":"2019-07-15T15:34:33","guid":{"rendered":"https:\/\/raulbalanza.me\/testWp\/?page_id=50"},"modified":"2024-06-16T11:09:32","modified_gmt":"2024-06-16T09:09:32","slug":"contact","status":"publish","type":"page","link":"https:\/\/raulbalanza.me\/es\/contact\/","title":{"rendered":"Contacto"},"content":{"rendered":"<p>Si deseas contactar conmigo, puedes hacerlo mediante mi correo electr\u00f3nico, en caso de asuntos laborales o acad\u00e9micos; o a trav\u00e9s de mis redes sociales, si esperas una respuesta m\u00e1s breve o r\u00e1pida.<\/p>\n\n\n\n<ul>\n<li><strong>E-Mail<\/strong>: <em>contact [at] raulbalanza [dot] me<\/em><\/li>\n\n\n\n<li><strong>Twitter <\/strong>(X): <em>[at] raulbalanza<\/em><\/li>\n\n\n\n<li><strong>Mastodon<\/strong>: <em>[at] raulbalanza [at] mastodon [dot] social<\/em><\/li>\n<\/ul>\n\n\n\n<p>Tambi\u00e9n puedes encontrar mi trayectoria profesional y acad\u00e9mica en mi <a href=\"https:\/\/www.linkedin.com\/in\/raulbalanza\/\">perfil de LinkedIn<\/a>.<\/p>","protected":false},"excerpt":{"rendered":"<p>If you want to get in touch with me, you can do so by sending me an e-mail, in case of business inquiries or any academic topic; and by means of my social media, if you are looking for a shorter answer or a faster reply. You can also find my professional and academic history &hellip; <a href=\"https:\/\/raulbalanza.me\/es\/contact\/\" class=\"more-link\">Continuar leyendo<span class=\"screen-reader-text\"> &#8220;Contact&#8221;<\/span><\/a><\/p>","protected":false},"author":1,"featured_media":0,"parent":0,"menu_order":0,"comment_status":"closed","ping_status":"closed","template":"","meta":[],"_links":{"self":[{"href":"https:\/\/raulbalanza.me\/es\/wp-json\/wp\/v2\/pages\/50"}],"collection":[{"href":"https:\/\/raulbalanza.me\/es\/wp-json\/wp\/v2\/pages"}],"about":[{"href":"https:\/\/raulbalanza.me\/es\/wp-json\/wp\/v2\/types\/page"}],"author":[{"embeddable":true,"href":"https:\/\/raulbalanza.me\/es\/wp-json\/wp\/v2\/users\/1"}],"replies":[{"embeddable":true,"href":"https:\/\/raulbalanza.me\/es\/wp-json\/wp\/v2\/comments?post=50"}],"version-history":[{"count":11,"href":"https:\/\/raulbalanza.me\/es\/wp-json\/wp\/v2\/pages\/50\/revisions"}],"predecessor-version":[{"id":633,"href":"https:\/\/raulbalanza.me\/es\/wp-json\/wp\/v2\/pages\/50\/revisions\/633"}],"wp:attachment":[{"href":"https:\/\/raulbalanza.me\/es\/wp-json\/wp\/v2\/media?parent=50"}],"curies":[{"name":"wp","href":"https:\/\/api.w.org\/{rel}","templated":true}]}}